{"id":949,"date":"2022-07-06T15:48:20","date_gmt":"2022-07-06T20:48:20","guid":{"rendered":"https:\/\/sitios.ces.edu.co\/cbuces\/?page_id=949"},"modified":"2022-11-17T12:03:28","modified_gmt":"2022-11-17T17:03:28","slug":"servicios","status":"publish","type":"page","link":"https:\/\/sitios.ces.edu.co\/cbuces\/servicios\/","title":{"rendered":"Servicios"},"content":{"rendered":"<nav class=\"has-text-color has-foreground-color has-background has-background-background-color has-small-font-size is-responsive items-justified-space-between menu-fixed wp-block-navigation is-content-justification-space-between is-layout-flex wp-container-core-navigation-is-layout-3d213aab wp-block-navigation-is-layout-flex\" aria-label=\"topmenu\" \n\t\t data-wp-interactive=\"core\/navigation\" data-wp-context='{\"overlayOpenedBy\":{\"click\":false,\"hover\":false,\"focus\":false},\"type\":\"overlay\",\"roleAttribute\":\"\",\"ariaLabel\":\"Men\\u00fa\"}'><button aria-haspopup=\"dialog\" aria-label=\"Abrir el men\u00fa\" class=\"wp-block-navigation__responsive-container-open\" \n\t\t\t\tdata-wp-on--click=\"actions.openMenuOnClick\"\n\t\t\t\tdata-wp-on--keydown=\"actions.handleMenuKeydown\"\n\t\t\t><svg width=\"24\" height=\"24\" xmlns=\"http:\/\/www.w3.org\/2000\/svg\" viewBox=\"0 0 24 24\" aria-hidden=\"true\" focusable=\"false\"><path d=\"M4 7.5h16v1.5H4z\"><\/path><path d=\"M4 15h16v1.5H4z\"><\/path><\/svg><\/button>\n\t\t\t\t<div class=\"wp-block-navigation__responsive-container\"  id=\"modal-1\" \n\t\t\t\tdata-wp-class--has-modal-open=\"state.isMenuOpen\"\n\t\t\t\tdata-wp-class--is-menu-open=\"state.isMenuOpen\"\n\t\t\t\tdata-wp-watch=\"callbacks.initMenu\"\n\t\t\t\tdata-wp-on--keydown=\"actions.handleMenuKeydown\"\n\t\t\t\tdata-wp-on--focusout=\"actions.handleMenuFocusout\"\n\t\t\t\ttabindex=\"-1\"\n\t\t\t>\n\t\t\t\t\t<div class=\"wp-block-navigation__responsive-close\" tabindex=\"-1\">\n\t\t\t\t\t\t<div class=\"wp-block-navigation__responsive-dialog\" \n\t\t\t\tdata-wp-bind--aria-modal=\"state.ariaModal\"\n\t\t\t\tdata-wp-bind--aria-label=\"state.ariaLabel\"\n\t\t\t\tdata-wp-bind--role=\"state.roleAttribute\"\n\t\t\t>\n\t\t\t\t\t\t\t<button aria-label=\"Cerrar el men\u00fa\" class=\"wp-block-navigation__responsive-container-close\" \n\t\t\t\tdata-wp-on--click=\"actions.closeMenuOnClick\"\n\t\t\t><svg xmlns=\"http:\/\/www.w3.org\/2000\/svg\" viewBox=\"0 0 24 24\" width=\"24\" height=\"24\" aria-hidden=\"true\" focusable=\"false\"><path d=\"m13.06 12 6.47-6.47-1.06-1.06L12 10.94 5.53 4.47 4.47 5.53 10.94 12l-6.47 6.47 1.06 1.06L12 13.06l6.47 6.47 1.06-1.06L13.06 12Z\"><\/path><\/svg><\/button>\n\t\t\t\t\t\t\t<div class=\"wp-block-navigation__responsive-container-content\" \n\t\t\t\tdata-wp-watch=\"callbacks.focusFirstElement\"\n\t\t\t id=\"modal-1-content\">\n\t\t\t\t\t\t\t\t<ul class=\"wp-block-navigation__container has-text-color has-foreground-color has-background has-background-background-color has-small-font-size is-responsive items-justified-space-between menu-fixed wp-block-navigation has-small-font-size\"><li class=\"has-small-font-size wp-block-navigation-item homeicon wp-block-navigation-link\"><a class=\"wp-block-navigation-item__content\"  href=\"https:\/\/sitios.ces.edu.co\/cbuces\/\"><span class=\"wp-block-navigation-item__label\"><img fetchpriority=\"high\" decoding=\"async\" width=\"1290\" height=\"998\" class=\"wp-image-2892\" style=\"width: 100px\" src=\"https:\/\/sitios.ces.edu.co\/cbuces\/wp-content\/uploads\/2022\/11\/Nueva-imagen-CBUCES_final_Mesa-de-trabajo-11.png\" alt=\"\" srcset=\"https:\/\/sitios.ces.edu.co\/cbuces\/wp-content\/uploads\/2022\/11\/Nueva-imagen-CBUCES_final_Mesa-de-trabajo-11.png 1290w, https:\/\/sitios.ces.edu.co\/cbuces\/wp-content\/uploads\/2022\/11\/Nueva-imagen-CBUCES_final_Mesa-de-trabajo-11-300x232.png 300w, https:\/\/sitios.ces.edu.co\/cbuces\/wp-content\/uploads\/2022\/11\/Nueva-imagen-CBUCES_final_Mesa-de-trabajo-11-1024x792.png 1024w, https:\/\/sitios.ces.edu.co\/cbuces\/wp-content\/uploads\/2022\/11\/Nueva-imagen-CBUCES_final_Mesa-de-trabajo-11-768x594.png 768w\" sizes=\"(max-width: 1290px) 100vw, 1290px\" \/><\/span><\/a><\/li><li class=\"has-small-font-size wp-block-navigation-item wp-block-navigation-link\"><a class=\"wp-block-navigation-item__content\"  href=\"https:\/\/sitios.ces.edu.co\/cbuces\/colecciones\/\"><span class=\"wp-block-navigation-item__label\">Colecciones<\/span><\/a><\/li><li class=\"has-small-font-size wp-block-navigation-item wp-block-navigation-link\"><a class=\"wp-block-navigation-item__content\"  href=\"http:\/\/demo-cbucesdata.pythonanywhere.com\/\" target=\"_blank\"  ><span class=\"wp-block-navigation-item__label\">Centro de datos<\/span><\/a><\/li><li class=\"has-small-font-size wp-block-navigation-item wp-block-navigation-link\"><a class=\"wp-block-navigation-item__content\"  href=\"https:\/\/sitios.ces.edu.co\/cbuces\/servicios\/\"><span class=\"wp-block-navigation-item__label\">Servicios<\/span><\/a><\/li><li class=\"has-small-font-size wp-block-navigation-item wp-block-navigation-link\"><a class=\"wp-block-navigation-item__content\"  href=\"https:\/\/sitios.ces.edu.co\/cbuces\/tipos\/\"><span class=\"wp-block-navigation-item__label\">Tipos<\/span><\/a><\/li><li class=\"has-small-font-size wp-block-navigation-item wp-block-navigation-link\"><a class=\"wp-block-navigation-item__content\"  href=\"https:\/\/sitios.ces.edu.co\/cbuces\/proyectos\/\"><span class=\"wp-block-navigation-item__label\">Proyectos<\/span><\/a><\/li><li class=\"has-small-font-size wp-block-navigation-item wp-block-navigation-link\"><a class=\"wp-block-navigation-item__content\"  href=\"https:\/\/sitios.ces.edu.co\/cbuces\/citaciones\/\"><span class=\"wp-block-navigation-item__label\">Citaciones<\/span><\/a><\/li><li class=\"has-small-font-size wp-block-navigation-item wp-block-navigation-link\"><a class=\"wp-block-navigation-item__content\"  href=\"https:\/\/sitios.ces.edu.co\/cbuces\/recursos\/\"><span class=\"wp-block-navigation-item__label\">Recursos<\/span><\/a><\/li><li class=\"has-small-font-size wp-block-navigation-item wp-block-navigation-link\"><a class=\"wp-block-navigation-item__content\"  href=\"https:\/\/sitios.ces.edu.co\/cbuces\/solicitudes\/\"><span class=\"wp-block-navigation-item__label\">Solicitudes<\/span><\/a><\/li><li class=\"has-small-font-size wp-block-navigation-item wp-block-navigation-link\"><a class=\"wp-block-navigation-item__content\"  href=\"http:\/\/www.hojazul.com.co\" target=\"_blank\"  ><span class=\"wp-block-navigation-item__label\">Hojazul<\/span><\/a><\/li><\/ul>\n\t\t\t\t\t\t\t<\/div>\n\t\t\t\t\t\t<\/div>\n\t\t\t\t\t<\/div>\n\t\t\t\t<\/div><\/nav>\n\n\n<div id=\"header\" class=\"mcw-fp-wrapper\"><div class=\"mcw-fp-section mcw-fp-section_fdb90d-de mcw-fp-section-slide fp-auto-height-responsive\" data-bg-img-id=\"1763\" data-anchor=\"servicios\"><div class=\"fp-bg\"><\/div><div class=\"mcw-fp-section-inner\"><div class=\"mcw-fp-slide mcw-fp-slide_51555f-55\"><div class=\"mcw-fp-slide-inner\">\n<h2 class=\"custom-padding has-background-color has-text-color wp-block-heading\">Dep\u00f3sito de material biol\u00f3gico<\/h2>\n\n\n\n<div style=\"height:32px\" aria-hidden=\"true\" class=\"wp-block-spacer\"><\/div>\n\n\n\n<p class=\"custom-padding has-background-color has-text-color has-mobile-text-align-justify\">Las Colecciones Biol\u00f3gicas de la Universidad CES (CBUCES) son depositarias de espec\u00edmenes recolectados en el marco de actividades de investigaci\u00f3n y docencia. Igualmente, custodian espec\u00edmenes recolectados en estudios de impacto ambiental y monitoreos, desarrollados por empresas de consultor\u00eda ambiental. Nuestros procesos curatoriales, cumplen con los est\u00e1ndares mundiales de fijaci\u00f3n y preservaci\u00f3n y los espec\u00edmenes se almacenan en un ambiente controlado para maximizar la preservaci\u00f3n de estos.<\/p>\n<\/div><\/div>\n\n<div class=\"mcw-fp-slide mcw-fp-slide_7e6eda-c1\"><div class=\"mcw-fp-slide-inner\">\n<h2 class=\"custom-padding has-background-color has-text-color wp-block-heading\">Generaci\u00f3n de contenidos educativos<\/h2>\n\n\n\n<div style=\"height:32px\" aria-hidden=\"true\" class=\"wp-block-spacer\"><\/div>\n\n\n\n<p class=\"custom-padding has-background-color has-text-color\">Dise\u00f1o y desarrollo de material did\u00e1ctico como cartillas, plegables, libros, gu\u00edas y cortos audiovisuales, para motivar al estudio de la biodiversidad y divulgar informaci\u00f3n cient\u00edfica a p\u00fablicos especializados y generales.<\/p>\n<\/div><\/div>\n\n<div class=\"mcw-fp-slide mcw-fp-slide_71b7f0-3d\"><div class=\"mcw-fp-slide-inner\">\n<h2 class=\"custom-padding has-background-color has-text-color wp-block-heading\">Talleres sobre biodiversidad<\/h2>\n\n\n\n<div style=\"height:32px\" aria-hidden=\"true\" class=\"wp-block-spacer\"><\/div>\n\n\n\n<p class=\"custom-padding has-background-color has-text-color\">Como parte de nuestras funciones sustantivas se encuentran realizar investigaci\u00f3n y generar informaci\u00f3n b\u00e1sica sobre la biodiversidad local, sus presiones y amenazas, y promover espacios de divulgaci\u00f3n que acerquen a la comunidad con esta biodiversidad. Con esto esperamos empoderar a los ciudadanos para promover la conservaci\u00f3n de las especies y los servicios que recibimos directa o indirectamente de los ecosistemas. As\u00ed, se proponen entonces talleres encaminados a la divulgaci\u00f3n de nuestra biodiversidad y los servicios que recibimos de esta.<\/p>\n<\/div><\/div>\n\n<div class=\"mcw-fp-slide mcw-fp-slide_a4474a-64\"><div class=\"mcw-fp-slide-inner\">\n<h2 class=\"custom-padding has-background-color has-text-color wp-block-heading\">Identificaci\u00f3n taxon\u00f3mica de especies<\/h2>\n\n\n\n<div style=\"height:32px\" aria-hidden=\"true\" class=\"wp-block-spacer\"><\/div>\n\n\n\n<p class=\"custom-padding has-background-color has-text-color\">Determinaci\u00f3n o corroboraci\u00f3n taxon\u00f3mica de organismos de diferentes grupos biol\u00f3gicos, con el respaldo de tax\u00f3nomos especialistas.<\/p>\n<\/div><\/div>\n\n<div class=\"mcw-fp-slide mcw-fp-slide_943016-5c\"><div class=\"mcw-fp-slide-inner\">\n<h2 class=\"custom-padding has-background-color has-text-color wp-block-heading\">Asesor\u00eda en situaciones relacionadas con organismos de la diversidad biol\u00f3gica<\/h2>\n\n\n\n<div style=\"height:32px\" aria-hidden=\"true\" class=\"wp-block-spacer\"><\/div>\n\n\n\n<p class=\"custom-padding has-background-color has-text-color\">Evaluaci\u00f3n y acompa\u00f1amiento a empresas de la industria de alimentos que puedan tener problemas con organismos de la diversidad, que puedan estar afectando procesos en sus empresas.<\/p>\n<\/div><\/div>\n\n<div class=\"mcw-fp-slide mcw-fp-slide_7518de-04\"><div class=\"mcw-fp-slide-inner\">\n<h2 class=\"custom-padding has-background-color has-text-color wp-block-heading\">Fotograf\u00eda especializada<\/h2>\n\n\n\n<div style=\"height:32px\" aria-hidden=\"true\" class=\"wp-block-spacer\"><\/div>\n\n\n\n<p class=\"custom-padding has-background-color has-text-color\">Generaci\u00f3n de im\u00e1genes digitales de espec\u00edmenes de la diversidad biol\u00f3gica para publicaciones o contenidos divulgativos.<\/p>\n<\/div><\/div>\n\n<div class=\"mcw-fp-slide mcw-fp-slide_43a525-24\"><div class=\"mcw-fp-slide-inner\">\n<h2 class=\"custom-padding has-background-color has-text-color wp-block-heading\">Sexaje molecular de aves<\/h2>\n\n\n\n<div style=\"height:32px\" aria-hidden=\"true\" class=\"wp-block-spacer\"><\/div>\n\n\n\n<p class=\"custom-padding has-background-color has-text-color\">Extracci\u00f3n de ADN, cuantificaci\u00f3n, reacci\u00f3n en cadena de la polimerasa (PCR) y electroforesis, para la determinaci\u00f3n del sexo en aves. Todos los estudios tienen sus correspondientes controles negativos como control de contaminaciones que pudieran interferir en los resultados.<\/p>\n<\/div><\/div><\/div><\/div>\n\n<div class=\"mcw-fp-section mcw-fp-section_838c92-3a fp-auto-height\" data-anchor=\"section2\"><div class=\"mcw-fp-section-inner\">\n<div style=\"height:16px\" aria-hidden=\"true\" class=\"wp-block-spacer\"><\/div>\n\n\n\n<div class=\"wp-block-columns has-ek-typography is-layout-flex wp-container-core-columns-is-layout-9d6595d7 wp-block-columns-is-layout-flex\" style=\"--ek-font-family:'Lato', sans-serif\">\n<div class=\"wp-block-column is-vertically-aligned-center is-layout-flow wp-block-column-is-layout-flow\">\n<p class=\"has-text-align-center has-foreground-light-color has-text-color\" style=\"font-size:14px\"><strong><strong>FOTOS DE ESTA SECCI\u00d3N:<\/strong><\/strong><\/p>\n<\/div>\n\n\n\n<div class=\"wp-block-column is-layout-flow wp-block-column-is-layout-flow\">\n<p class=\"has-text-align-left has-foreground-light-color has-text-color\" style=\"font-size:14px\">1. Inflorescencia de <em>Aiphanes bio<\/em> en Expedici\u00f3n BIO Anor\u00ed; Camilo Fl\u00f3rez-V.<\/p>\n<\/div>\n<\/div>\n\n\n\n<hr class=\"wp-block-separator has-text-color has-css-opacity has-background is-style-wide\" style=\"background-color:#1a2a4a;color:#1a2a4a\"\/>\n\n\n\n<div style=\"height:16px\" aria-hidden=\"true\" class=\"wp-block-spacer\"><\/div>\n<\/div><\/div>\n\n<div class=\"mcw-fp-section mcw-fp-section_d5d178-71 fp-auto-height\" data-anchor=\"section3\"><div class=\"mcw-fp-section-inner\">\n<div style=\"height:32px\" aria-hidden=\"true\" class=\"wp-block-spacer\"><\/div>\n\n\n\n<div class=\"wp-block-columns is-layout-flex wp-container-core-columns-is-layout-9d6595d7 wp-block-columns-is-layout-flex\">\n<div class=\"wp-block-column is-layout-flow wp-block-column-is-layout-flow\">\n<p class=\"has-text-align-center has-text-color has-small-font-size\" style=\"color:#1a2a4a\"><strong>Universidad CES<\/strong><br>Calle 10 A No. 22 &#8211; 04, Medell\u00edn, Colombia<br><a href=\"https:\/\/www.ces.edu.co\/terminos-y-condiciones\/\" class=\"ek-link\">Pol\u00edtica de Tratamiento de Datos Personales<\/a><\/p>\n<\/div>\n\n\n\n<div class=\"wp-block-column is-layout-flow wp-block-column-is-layout-flow\">\n<p class=\"has-text-align-center has-text-color has-small-font-size\" style=\"color:#1a2a4a\"><strong>Contacto<\/strong><br>Universidad CES,<strong><br><\/strong>Laboratorio de Colecciones Biol\u00f3gicas<br>E-mail: cbuces@ces.edu.co Tel: (604) 444 05 55 ext. 1243<\/p>\n<\/div>\n\n\n\n<div class=\"wp-block-column is-layout-flow wp-block-column-is-layout-flow\">\n<figure class=\"wp-block-image size-medium\"><img decoding=\"async\" width=\"300\" height=\"99\" src=\"https:\/\/sitios.ces.edu.co\/cbuces\/wp-content\/uploads\/2022\/11\/logoNuevoCES-300x99.png\" alt=\"\" class=\"wp-image-2473\" srcset=\"https:\/\/sitios.ces.edu.co\/cbuces\/wp-content\/uploads\/2022\/11\/logoNuevoCES-300x99.png 300w, https:\/\/sitios.ces.edu.co\/cbuces\/wp-content\/uploads\/2022\/11\/logoNuevoCES-1024x336.png 1024w, https:\/\/sitios.ces.edu.co\/cbuces\/wp-content\/uploads\/2022\/11\/logoNuevoCES-768x252.png 768w, https:\/\/sitios.ces.edu.co\/cbuces\/wp-content\/uploads\/2022\/11\/logoNuevoCES.png 1473w\" sizes=\"(max-width: 300px) 100vw, 300px\" \/><\/figure>\n<\/div>\n<\/div>\n\n\n\n<div style=\"height:64px\" aria-hidden=\"true\" class=\"wp-block-spacer\"><\/div>\n<\/div><\/div><\/div>\n","protected":false},"excerpt":{"rendered":"","protected":false},"author":6,"featured_media":0,"parent":0,"menu_order":0,"comment_status":"closed","ping_status":"closed","template":"","meta":{"_editorskit_title_hidden":false,"_editorskit_reading_time":1,"_editorskit_is_block_options_detached":false,"_editorskit_block_options_position":"{}","footnotes":""},"class_list":["post-949","page","type-page","status-publish","hentry","entry"],"_links":{"self":[{"href":"https:\/\/sitios.ces.edu.co\/cbuces\/wp-json\/wp\/v2\/pages\/949","targetHints":{"allow":["GET"]}}],"collection":[{"href":"https:\/\/sitios.ces.edu.co\/cbuces\/wp-json\/wp\/v2\/pages"}],"about":[{"href":"https:\/\/sitios.ces.edu.co\/cbuces\/wp-json\/wp\/v2\/types\/page"}],"author":[{"embeddable":true,"href":"https:\/\/sitios.ces.edu.co\/cbuces\/wp-json\/wp\/v2\/users\/6"}],"replies":[{"embeddable":true,"href":"https:\/\/sitios.ces.edu.co\/cbuces\/wp-json\/wp\/v2\/comments?post=949"}],"version-history":[{"count":55,"href":"https:\/\/sitios.ces.edu.co\/cbuces\/wp-json\/wp\/v2\/pages\/949\/revisions"}],"predecessor-version":[{"id":3652,"href":"https:\/\/sitios.ces.edu.co\/cbuces\/wp-json\/wp\/v2\/pages\/949\/revisions\/3652"}],"wp:attachment":[{"href":"https:\/\/sitios.ces.edu.co\/cbuces\/wp-json\/wp\/v2\/media?parent=949"}],"curies":[{"name":"wp","href":"https:\/\/api.w.org\/{rel}","templated":true}]}}