{"id":90,"date":"2022-03-21T23:22:37","date_gmt":"2022-03-22T04:22:37","guid":{"rendered":"https:\/\/sitios.ces.edu.co\/cbuces\/?page_id=90"},"modified":"2024-05-06T13:48:58","modified_gmt":"2024-05-06T18:48:58","slug":"colecciones-biologicas-universidad-ces","status":"publish","type":"page","link":"https:\/\/sitios.ces.edu.co\/cbuces\/","title":{"rendered":"Colecciones Biol\u00f3gicas Universidad CES"},"content":{"rendered":"<nav class=\"has-text-color has-foreground-color has-background has-background-background-color has-small-font-size is-responsive items-justified-space-between menu-fixed wp-block-navigation is-content-justification-space-between is-layout-flex wp-container-core-navigation-is-layout-3d213aab wp-block-navigation-is-layout-flex\" aria-label=\"topmenu\" \n\t\t data-wp-interactive=\"core\/navigation\" data-wp-context='{\"overlayOpenedBy\":{\"click\":false,\"hover\":false,\"focus\":false},\"type\":\"overlay\",\"roleAttribute\":\"\",\"ariaLabel\":\"Men\\u00fa\"}'><button aria-haspopup=\"dialog\" aria-label=\"Abrir el men\u00fa\" class=\"wp-block-navigation__responsive-container-open\" \n\t\t\t\tdata-wp-on--click=\"actions.openMenuOnClick\"\n\t\t\t\tdata-wp-on--keydown=\"actions.handleMenuKeydown\"\n\t\t\t><svg width=\"24\" height=\"24\" xmlns=\"http:\/\/www.w3.org\/2000\/svg\" viewBox=\"0 0 24 24\" aria-hidden=\"true\" focusable=\"false\"><path d=\"M4 7.5h16v1.5H4z\"><\/path><path d=\"M4 15h16v1.5H4z\"><\/path><\/svg><\/button>\n\t\t\t\t<div class=\"wp-block-navigation__responsive-container\"  id=\"modal-1\" \n\t\t\t\tdata-wp-class--has-modal-open=\"state.isMenuOpen\"\n\t\t\t\tdata-wp-class--is-menu-open=\"state.isMenuOpen\"\n\t\t\t\tdata-wp-watch=\"callbacks.initMenu\"\n\t\t\t\tdata-wp-on--keydown=\"actions.handleMenuKeydown\"\n\t\t\t\tdata-wp-on--focusout=\"actions.handleMenuFocusout\"\n\t\t\t\ttabindex=\"-1\"\n\t\t\t>\n\t\t\t\t\t<div class=\"wp-block-navigation__responsive-close\" tabindex=\"-1\">\n\t\t\t\t\t\t<div class=\"wp-block-navigation__responsive-dialog\" \n\t\t\t\tdata-wp-bind--aria-modal=\"state.ariaModal\"\n\t\t\t\tdata-wp-bind--aria-label=\"state.ariaLabel\"\n\t\t\t\tdata-wp-bind--role=\"state.roleAttribute\"\n\t\t\t>\n\t\t\t\t\t\t\t<button aria-label=\"Cerrar el men\u00fa\" class=\"wp-block-navigation__responsive-container-close\" \n\t\t\t\tdata-wp-on--click=\"actions.closeMenuOnClick\"\n\t\t\t><svg xmlns=\"http:\/\/www.w3.org\/2000\/svg\" viewBox=\"0 0 24 24\" width=\"24\" height=\"24\" aria-hidden=\"true\" focusable=\"false\"><path d=\"m13.06 12 6.47-6.47-1.06-1.06L12 10.94 5.53 4.47 4.47 5.53 10.94 12l-6.47 6.47 1.06 1.06L12 13.06l6.47 6.47 1.06-1.06L13.06 12Z\"><\/path><\/svg><\/button>\n\t\t\t\t\t\t\t<div class=\"wp-block-navigation__responsive-container-content\" \n\t\t\t\tdata-wp-watch=\"callbacks.focusFirstElement\"\n\t\t\t id=\"modal-1-content\">\n\t\t\t\t\t\t\t\t<ul class=\"wp-block-navigation__container has-text-color has-foreground-color has-background has-background-background-color has-small-font-size is-responsive items-justified-space-between menu-fixed wp-block-navigation has-small-font-size\"><li class=\"has-small-font-size wp-block-navigation-item homeicon wp-block-navigation-link\"><a class=\"wp-block-navigation-item__content\"  href=\"https:\/\/sitios.ces.edu.co\/cbuces\/\"><span class=\"wp-block-navigation-item__label\"><img fetchpriority=\"high\" decoding=\"async\" width=\"1290\" height=\"998\" class=\"wp-image-2892\" style=\"width: 100px\" src=\"https:\/\/sitios.ces.edu.co\/cbuces\/wp-content\/uploads\/2022\/11\/Nueva-imagen-CBUCES_final_Mesa-de-trabajo-11.png\" alt=\"\" srcset=\"https:\/\/sitios.ces.edu.co\/cbuces\/wp-content\/uploads\/2022\/11\/Nueva-imagen-CBUCES_final_Mesa-de-trabajo-11.png 1290w, https:\/\/sitios.ces.edu.co\/cbuces\/wp-content\/uploads\/2022\/11\/Nueva-imagen-CBUCES_final_Mesa-de-trabajo-11-300x232.png 300w, https:\/\/sitios.ces.edu.co\/cbuces\/wp-content\/uploads\/2022\/11\/Nueva-imagen-CBUCES_final_Mesa-de-trabajo-11-1024x792.png 1024w, https:\/\/sitios.ces.edu.co\/cbuces\/wp-content\/uploads\/2022\/11\/Nueva-imagen-CBUCES_final_Mesa-de-trabajo-11-768x594.png 768w\" sizes=\"(max-width: 1290px) 100vw, 1290px\" \/><\/span><\/a><\/li><li class=\"has-small-font-size wp-block-navigation-item wp-block-navigation-link\"><a class=\"wp-block-navigation-item__content\"  href=\"https:\/\/sitios.ces.edu.co\/cbuces\/colecciones\/\"><span class=\"wp-block-navigation-item__label\">Colecciones<\/span><\/a><\/li><li class=\"has-small-font-size wp-block-navigation-item wp-block-navigation-link\"><a class=\"wp-block-navigation-item__content\"  href=\"http:\/\/demo-cbucesdata.pythonanywhere.com\/\" target=\"_blank\"  ><span class=\"wp-block-navigation-item__label\">Centro de datos<\/span><\/a><\/li><li class=\"has-small-font-size wp-block-navigation-item wp-block-navigation-link\"><a class=\"wp-block-navigation-item__content\"  href=\"https:\/\/sitios.ces.edu.co\/cbuces\/servicios\/\"><span class=\"wp-block-navigation-item__label\">Servicios<\/span><\/a><\/li><li class=\"has-small-font-size wp-block-navigation-item wp-block-navigation-link\"><a class=\"wp-block-navigation-item__content\"  href=\"https:\/\/sitios.ces.edu.co\/cbuces\/tipos\/\"><span class=\"wp-block-navigation-item__label\">Tipos<\/span><\/a><\/li><li class=\"has-small-font-size wp-block-navigation-item wp-block-navigation-link\"><a class=\"wp-block-navigation-item__content\"  href=\"https:\/\/sitios.ces.edu.co\/cbuces\/proyectos\/\"><span class=\"wp-block-navigation-item__label\">Proyectos<\/span><\/a><\/li><li class=\"has-small-font-size wp-block-navigation-item wp-block-navigation-link\"><a class=\"wp-block-navigation-item__content\"  href=\"https:\/\/sitios.ces.edu.co\/cbuces\/citaciones\/\"><span class=\"wp-block-navigation-item__label\">Citaciones<\/span><\/a><\/li><li class=\"has-small-font-size wp-block-navigation-item wp-block-navigation-link\"><a class=\"wp-block-navigation-item__content\"  href=\"https:\/\/sitios.ces.edu.co\/cbuces\/recursos\/\"><span class=\"wp-block-navigation-item__label\">Recursos<\/span><\/a><\/li><li class=\"has-small-font-size wp-block-navigation-item wp-block-navigation-link\"><a class=\"wp-block-navigation-item__content\"  href=\"https:\/\/sitios.ces.edu.co\/cbuces\/solicitudes\/\"><span class=\"wp-block-navigation-item__label\">Solicitudes<\/span><\/a><\/li><li class=\"has-small-font-size wp-block-navigation-item wp-block-navigation-link\"><a class=\"wp-block-navigation-item__content\"  href=\"http:\/\/www.hojazul.com.co\" target=\"_blank\"  ><span class=\"wp-block-navigation-item__label\">Hojazul<\/span><\/a><\/li><\/ul>\n\t\t\t\t\t\t\t<\/div>\n\t\t\t\t\t\t<\/div>\n\t\t\t\t\t<\/div>\n\t\t\t\t<\/div><\/nav>\n\n\n<div class=\"mcw-fp-wrapper mobile_padding\"><div class=\"mcw-fp-section mcw-fp-section_051872-a4 fp-auto-height-responsive fp-noscroll\" data-bg-img-id=\"1073\" data-anchor=\"section1\"><div class=\"fp-bg\"><\/div><div class=\"mcw-fp-section-inner\">\n<div style=\"height:100px\" aria-hidden=\"true\" class=\"wp-block-spacer\"><\/div>\n\n\n<div class=\"wp-block-image\">\n<figure class=\"aligncenter size-large is-resized\"><img decoding=\"async\" width=\"1024\" height=\"792\" src=\"https:\/\/sitios.ces.edu.co\/cbuces\/wp-content\/uploads\/2022\/05\/Nueva-imagen-CBUCES_final_Mesa-de-trabajo-1-Copy-1024x792.png\" alt=\"\" class=\"wp-image-544\" style=\"width:166px;height:128px\" srcset=\"https:\/\/sitios.ces.edu.co\/cbuces\/wp-content\/uploads\/2022\/05\/Nueva-imagen-CBUCES_final_Mesa-de-trabajo-1-Copy-1024x792.png 1024w, https:\/\/sitios.ces.edu.co\/cbuces\/wp-content\/uploads\/2022\/05\/Nueva-imagen-CBUCES_final_Mesa-de-trabajo-1-Copy-300x232.png 300w, https:\/\/sitios.ces.edu.co\/cbuces\/wp-content\/uploads\/2022\/05\/Nueva-imagen-CBUCES_final_Mesa-de-trabajo-1-Copy-768x594.png 768w, https:\/\/sitios.ces.edu.co\/cbuces\/wp-content\/uploads\/2022\/05\/Nueva-imagen-CBUCES_final_Mesa-de-trabajo-1-Copy.png 1290w\" sizes=\"(max-width: 1024px) 100vw, 1024px\" \/><\/figure>\n<\/div>\n\n\n<div style=\"height:32px\" aria-hidden=\"true\" class=\"wp-block-spacer\"><\/div>\n\n\n\n<div class=\"wp-block-columns is-layout-flex wp-container-core-columns-is-layout-9d6595d7 wp-block-columns-is-layout-flex\">\n<div class=\"wp-block-column is-layout-flow wp-block-column-is-layout-flow\">\n<p class=\"custom-pading has-background-color has-text-color has-small-font-size has-mobile-text-align-justify\" style=\"padding-right:var(--wp--preset--spacing--20);padding-left:var(--wp--preset--spacing--30)\">Las <strong>Colecciones Biol\u00f3gicas de la Universidad CES \u2013 CBUCES<\/strong>, iniciamos actividades en junio de 2014 y en la actualidad somos un respaldo a las funciones de docencia, investigaci\u00f3n, innovaci\u00f3n y extensi\u00f3n de la Universidad y soportan cursos y proyectos de las diferentes facultades. Cuentan con cerca de 150.000 espec\u00edmenes entre artr\u00f3podos terrestres, anfibios y reptiles, organismos dulceacu\u00edcolas y marino-costeros, mam\u00edferos, plantas, hongos, tejidos animales y vegetales, entre otras muestras tomadas de la biodiversidad.<\/p>\n<\/div>\n\n\n\n<div class=\"wp-block-column is-layout-flow wp-block-column-is-layout-flow\">\n<p class=\"custom-pading has-background-color has-text-color has-small-font-size\" style=\"padding-right:var(--wp--preset--spacing--30);padding-left:var(--wp--preset--spacing--20)\">ENG: The <strong>Colecciones Biol\u00f3gicas from the Universidad CES (CBUCES) <\/strong>began our activities in June 2014. Currently, we provide support for teaching, research, innovation and extension functions of the University. We also support courses and projects across different faculties. CBUCES have approximately 150.000 specimens, including terrestrial arthropods, amphibians and reptiles, freshwater and marine-coastal organisms, mammals, plants, fungi, animal- and plant-tissues, and other samples taken from biodiversity.<\/p>\n<\/div>\n<\/div>\n\n\n\n<p class=\"has-text-align-justify has-background-color has-text-color has-small-font-size\" style=\"padding-top:var(--wp--preset--spacing--20);padding-right:var(--wp--preset--spacing--20);padding-bottom:var(--wp--preset--spacing--20);padding-left:var(--wp--preset--spacing--20)\"><p class=\"has-text-align-justify custom-padding has-background-color has-text-color has-small-font-size has-ek-typography\" style=\"padding-top:var(--wp--preset--spacing--20);padding-right:var(--wp--preset--spacing--20);padding-bottom:var(--wp--preset--spacing--20);padding-left:var(--wp--preset--spacing--20);--ek-font-family:'Lato', sans-serif\"><br>\u00abLas CBUCES, esperamos que nuestro esfuerzo en preservar espec\u00edmenes de la diversidad biol\u00f3gica y en compartir su informaci\u00f3n asociada, permita incrementar el conocimiento taxon\u00f3mico, geogr\u00e1fico, ecol\u00f3gico y evolutivo de las especies colombianas, de manera que un d\u00eda la necesidad de colecta sea m\u00ednima.\u00bb <\/p><\/p>\n\n\n\n<p class=\"has-text-align-justify has-background-color has-text-color has-small-font-size\"><p class=\"has-text-align-justify custom-padding has-background-color has-text-color has-small-font-size has-ek-typography\" style=\"--ek-font-family:'Lato', sans-serif\">\u00abCBUCES hopes that our efforts to preserve specimens of biological diversity and share their associated information will increase the taxonomic, geographical, ecological and evolutionary knowledge of Colombian species. Our ultimate goal is to minimize the necessity of specimen collection in the future\u00bb <\/p><\/p>\n\n\n\n<div style=\"height:0px\" aria-hidden=\"true\" class=\"wp-block-spacer\"><\/div>\n<\/div><\/div>\n\n<div class=\"mcw-fp-section mcw-fp-section_a3166f-81 fp-auto-height fp-noscroll\" data-anchor=\"section2\"><div class=\"mcw-fp-section-inner\">\n<div style=\"height:16px\" aria-hidden=\"true\" class=\"wp-block-spacer\"><\/div>\n\n\n\n<div style=\"height:128px\" aria-hidden=\"true\" class=\"wp-block-spacer\"><\/div>\n\n\n\n<p class=\"has-text-align-center has-foreground-light-color has-text-color has-large-font-size\"><strong>\u00c1lbum de la Biodiversidad CES 2024:<\/strong><\/p>\n\n\n\n<div style=\"height:32px\" aria-hidden=\"true\" class=\"wp-block-spacer\"><\/div>\n\n\n\n<div class=\"wp-block-columns is-layout-flex wp-container-core-columns-is-layout-9d6595d7 wp-block-columns-is-layout-flex\">\n<div class=\"wp-block-column is-layout-flow wp-block-column-is-layout-flow\">\n<p class=\"has-text-align-justify\" style=\"padding-top:var(--wp--preset--spacing--50);padding-right:0;padding-left:var(--wp--preset--spacing--30)\">Estamos en el desarrollo de un \u00e1lbum de l\u00e1minas de la biodiversidad de la Universidad CES y nos complace convocar a la Comunidad CES para ser parte de esta creaci\u00f3n<strong>:<\/strong><\/p>\n<\/div>\n\n\n\n<div class=\"wp-block-column is-vertically-aligned-center is-layout-flow wp-block-column-is-layout-flow\" style=\"padding-top:0\">\n<div class=\"wp-block-buttons is-content-justification-center is-layout-flex wp-container-core-buttons-is-layout-16018d1d wp-block-buttons-is-layout-flex\">\n<div class=\"wp-block-button is-style-outline is-style-outline--2\"><a class=\"wp-block-button__link wp-element-button\" href=\"https:\/\/sitios.ces.edu.co\/cbuces\/proyectos\/#section1\" target=\"_blank\" rel=\"noreferrer noopener\">Participa<\/a><\/div>\n<\/div>\n<\/div>\n\n\n\n<div class=\"wp-block-column is-layout-flow wp-block-column-is-layout-flow\">\n<figure class=\"wp-block-image size-medium is-style-editorskit-rounded\"><img decoding=\"async\" width=\"263\" height=\"300\" src=\"https:\/\/sitios.ces.edu.co\/cbuces\/wp-content\/uploads\/2024\/05\/thumbnail_image002-263x300.jpg\" alt=\"\" class=\"wp-image-3445\" srcset=\"https:\/\/sitios.ces.edu.co\/cbuces\/wp-content\/uploads\/2024\/05\/thumbnail_image002-263x300.jpg 263w, https:\/\/sitios.ces.edu.co\/cbuces\/wp-content\/uploads\/2024\/05\/thumbnail_image002-896x1024.jpg 896w, https:\/\/sitios.ces.edu.co\/cbuces\/wp-content\/uploads\/2024\/05\/thumbnail_image002-768x878.jpg 768w, https:\/\/sitios.ces.edu.co\/cbuces\/wp-content\/uploads\/2024\/05\/thumbnail_image002.jpg 1220w\" sizes=\"(max-width: 263px) 100vw, 263px\" \/><\/figure>\n<\/div>\n<\/div>\n\n\n\n<div style=\"height:64px\" aria-hidden=\"true\" class=\"wp-block-spacer\"><\/div>\n\n\n\n<div style=\"height:16px\" aria-hidden=\"true\" class=\"wp-block-spacer\"><\/div>\n<\/div><\/div>\n\n<div class=\"mcw-fp-section mcw-fp-section_14e472-46 fp-auto-height fp-noscroll\" data-anchor=\"section3\"><div class=\"mcw-fp-section-inner\">\n<div style=\"height:16px\" aria-hidden=\"true\" class=\"wp-block-spacer\"><\/div>\n\n\n\n<div style=\"height:64px\" aria-hidden=\"true\" class=\"wp-block-spacer\"><\/div>\n\n\n\n<p class=\"has-text-align-center has-foreground-light-color has-text-color has-large-font-size\"><strong>Conoce nuestra historia y los logros de 2023:<\/strong><\/p>\n\n\n\n<div style=\"height:32px\" aria-hidden=\"true\" class=\"wp-block-spacer\"><\/div>\n\n\n\n<div class=\"wp-block-columns is-layout-flex wp-container-core-columns-is-layout-9d6595d7 wp-block-columns-is-layout-flex\">\n<div class=\"wp-block-column is-layout-flow wp-block-column-is-layout-flow\">\n<p style=\"padding-top:var(--wp--preset--spacing--50);padding-right:0;padding-left:var(--wp--preset--spacing--30)\">Este documento describe las actividades, eventos e hitos m\u00e1s importantes de las Colecciones Biol\u00f3gicas de la Universidad CES, comprendidas entre octubre de 2022 y diciembre de 2023<strong>:<\/strong><\/p>\n<\/div>\n\n\n\n<div class=\"wp-block-column is-vertically-aligned-center is-layout-flow wp-block-column-is-layout-flow\" style=\"padding-top:0\">\n<div class=\"wp-block-buttons is-content-justification-center is-layout-flex wp-container-core-buttons-is-layout-16018d1d wp-block-buttons-is-layout-flex\">\n<div class=\"wp-block-button is-style-outline is-style-outline--3\"><a class=\"wp-block-button__link wp-element-button\" href=\"https:\/\/online.fliphtml5.com\/rnujg\/eece\/#p=1\" target=\"_blank\" rel=\"noreferrer noopener\">Vis\u00edtalo<\/a><\/div>\n<\/div>\n<\/div>\n\n\n\n<div class=\"wp-block-column is-layout-flow wp-block-column-is-layout-flow\">\n<figure class=\"wp-block-image size-medium is-style-editorskit-rounded\"><img loading=\"lazy\" decoding=\"async\" width=\"262\" height=\"300\" src=\"https:\/\/sitios.ces.edu.co\/cbuces\/wp-content\/uploads\/2023\/12\/Portada-262x300.jpg\" alt=\"Informe de gesti\u00f3n 2022-2023\" class=\"wp-image-3332\" srcset=\"https:\/\/sitios.ces.edu.co\/cbuces\/wp-content\/uploads\/2023\/12\/Portada-262x300.jpg 262w, https:\/\/sitios.ces.edu.co\/cbuces\/wp-content\/uploads\/2023\/12\/Portada-768x880.jpg 768w, https:\/\/sitios.ces.edu.co\/cbuces\/wp-content\/uploads\/2023\/12\/Portada.jpg 792w\" sizes=\"(max-width: 262px) 100vw, 262px\" \/><\/figure>\n<\/div>\n<\/div>\n\n\n\n<div style=\"height:64px\" aria-hidden=\"true\" class=\"wp-block-spacer\"><\/div>\n\n\n\n<div style=\"height:16px\" aria-hidden=\"true\" class=\"wp-block-spacer\"><\/div>\n<\/div><\/div>\n\n<div class=\"mcw-fp-section mcw-fp-section_00f0b2-ab fp-auto-height-responsive fp-noscroll\" data-bg-img-id=\"2523\" data-anchor=\"section4\"><div class=\"fp-bg\"><\/div><div class=\"mcw-fp-section-inner\"><div class=\"wp-block-image caption-align-center is-style-default\">\n<figure class=\"aligncenter size-medium is-resized\"><a href=\"https:\/\/www.instagram.com\/cb_uces\/\"><img loading=\"lazy\" decoding=\"async\" width=\"300\" height=\"300\" src=\"https:\/\/sitios.ces.edu.co\/cbuces\/wp-content\/uploads\/2022\/11\/ig_log-transp-300x300.png\" alt=\"\" class=\"wp-image-2520\" style=\"width:225px;height:225px\" srcset=\"https:\/\/sitios.ces.edu.co\/cbuces\/wp-content\/uploads\/2022\/11\/ig_log-transp-300x300.png 300w, https:\/\/sitios.ces.edu.co\/cbuces\/wp-content\/uploads\/2022\/11\/ig_log-transp-1024x1024.png 1024w, https:\/\/sitios.ces.edu.co\/cbuces\/wp-content\/uploads\/2022\/11\/ig_log-transp-150x150.png 150w, https:\/\/sitios.ces.edu.co\/cbuces\/wp-content\/uploads\/2022\/11\/ig_log-transp-768x768.png 768w, https:\/\/sitios.ces.edu.co\/cbuces\/wp-content\/uploads\/2022\/11\/ig_log-transp.png 1299w\" sizes=\"(max-width: 300px) 100vw, 300px\" \/><\/a><\/figure>\n<\/div>\n\n\n<hr class=\"wp-block-separator has-text-color has-css-opacity has-background is-style-default\" style=\"background-color:#ecd138;color:#ecd138\"\/>\n\n\n\n<div style=\"height:32px\" aria-hidden=\"true\" class=\"wp-block-spacer\"><\/div>\n\n\n\n<div style=\"height:0px\" aria-hidden=\"true\" class=\"wp-block-spacer\"><\/div>\n\n\n\n<div class=\"wp-block-columns is-layout-flex wp-container-core-columns-is-layout-9d6595d7 wp-block-columns-is-layout-flex\">\n<div class=\"wp-block-column is-layout-flow wp-block-column-is-layout-flow\" style=\"flex-basis:100%\">\n<p class=\"custom-padding shadow-text has-background-color has-text-color\" style=\"font-size:22px\">Encu\u00e9ntranos en <strong>INSTRAGRAM<\/strong> como <strong><a href=\"https:\/\/www.instagram.com\/cb_uces\/\" class=\"ek-link\"><mark style=\"background-color:rgba(0, 0, 0, 0);color:#dfad1d\" class=\"has-inline-color\">@cb_uces<\/mark><\/a><\/strong><\/p>\n\n\n\n<ul class=\"wp-block-social-links has-huge-icon-size has-visible-labels is-style-pill-shape is-horizontal is-content-justification-center is-layout-flex wp-container-core-social-links-is-layout-499968f5 wp-block-social-links-is-layout-flex\"><\/ul>\n\n\n\n<p class=\"has-text-align-justify custom-padding shadow-text has-background-color has-text-color\" style=\"font-size:22px\">Adem\u00e1s, visita el perfil de las Colecciones Biol\u00f3gicas de la Universidad CES en <strong><a href=\"http:\/\/grbio.org\/cool\/q3nd-9d0n\" class=\"ek-link\"><mark style=\"background-color:rgba(0, 0, 0, 0);color:#eb7b10\" class=\"has-inline-color\">GBIF<\/mark><\/a><\/strong>.<\/p>\n<\/div>\n<\/div>\n\n\n\n<div style=\"height:0px\" aria-hidden=\"true\" class=\"wp-block-spacer\"><\/div>\n\n\n\n<p class=\"has-text-align-justify custom-padding shadow-text has-background-color has-text-color\" style=\"font-size:22px\">Visita nuestros videos de ense\u00f1anza de montaje y preparaci\u00f3n para colecciones biol\u00f3gicas.<\/p>\n\n\n\n<div style=\"height:0px\" aria-hidden=\"true\" class=\"wp-block-spacer\"><\/div>\n<\/div><\/div>\n\n<div class=\"mcw-fp-section mcw-fp-section_acf410-f1 fp-auto-height fp-noscroll\" data-anchor=\"section5\"><div class=\"mcw-fp-section-inner\">\n<div style=\"height:16px\" aria-hidden=\"true\" class=\"wp-block-spacer\"><\/div>\n\n\n\n<div class=\"wp-block-columns is-layout-flex wp-container-core-columns-is-layout-53642b31 wp-block-columns-is-layout-flex\" style=\"padding-top:0;padding-right:0;padding-bottom:0;padding-left:0\">\n<div class=\"wp-block-column is-vertically-aligned-center is-layout-flow wp-block-column-is-layout-flow\">\n<p class=\"has-text-align-center has-foreground-light-color has-text-color\" style=\"font-size:14px\"><strong>FOTOS DE ESTA SECCI\u00d3N:<\/strong><\/p>\n<\/div>\n\n\n\n<div class=\"wp-block-column is-layout-flow wp-block-column-is-layout-flow\">\n<p class=\"has-text-align-left has-foreground-light-color has-text-color\" style=\"font-size:14px\">1. Grillo Expedici\u00f3n BIO Anor\u00ed; Camilo Fl\u00f3rez-V.<br>2. Tibur\u00f3n Nodriza Expedici\u00f3n SeaFlower; Lizette I. Quan Young<\/p>\n<\/div>\n<\/div>\n\n\n\n<hr class=\"wp-block-separator has-text-color has-css-opacity has-background is-style-wide\" style=\"background-color:#1a2a4a;color:#1a2a4a\"\/>\n\n\n\n<div style=\"height:16px\" aria-hidden=\"true\" class=\"wp-block-spacer\"><\/div>\n<\/div><\/div>\n\n<div class=\"mcw-fp-section mcw-fp-section_40e7f8-81 fp-auto-height fp-noscroll\" data-anchor=\"section6\"><div class=\"mcw-fp-section-inner\">\n<div style=\"height:32px\" aria-hidden=\"true\" class=\"wp-block-spacer\"><\/div>\n\n\n\n<div class=\"wp-block-columns is-layout-flex wp-container-core-columns-is-layout-9d6595d7 wp-block-columns-is-layout-flex\">\n<div class=\"wp-block-column is-layout-flow wp-block-column-is-layout-flow\">\n<p class=\"has-text-align-center has-text-color has-small-font-size\" style=\"color:#1a2a4a\"><strong>Universidad CES<\/strong><br>Calle 10 A No. 22 &#8211; 04, Medell\u00edn, Colombia<br><a href=\"https:\/\/www.ces.edu.co\/terminos-y-condiciones\/\" class=\"ek-link\">Pol\u00edtica de Tratamiento de Datos Personales<\/a><\/p>\n<\/div>\n\n\n\n<div class=\"wp-block-column is-layout-flow wp-block-column-is-layout-flow\">\n<p class=\"has-text-align-center has-text-color has-small-font-size\" style=\"color:#1a2a4a\"><strong>Contacto<\/strong><br>Universidad CES,<br>Laboratorio de Colecciones Biol\u00f3gicas<br>E-mail: cbuces@ces.edu.co Tel: (604) 444 05 55 ext. 1243<\/p>\n<\/div>\n\n\n\n<div class=\"wp-block-column is-layout-flow wp-block-column-is-layout-flow\">\n<figure class=\"wp-block-image size-medium is-style-default\"><img loading=\"lazy\" decoding=\"async\" width=\"300\" height=\"99\" src=\"https:\/\/sitios.ces.edu.co\/cbuces\/wp-content\/uploads\/2022\/11\/logoNuevoCES-300x99.png\" alt=\"\" class=\"wp-image-2473\" srcset=\"https:\/\/sitios.ces.edu.co\/cbuces\/wp-content\/uploads\/2022\/11\/logoNuevoCES-300x99.png 300w, https:\/\/sitios.ces.edu.co\/cbuces\/wp-content\/uploads\/2022\/11\/logoNuevoCES-1024x336.png 1024w, https:\/\/sitios.ces.edu.co\/cbuces\/wp-content\/uploads\/2022\/11\/logoNuevoCES-768x252.png 768w, https:\/\/sitios.ces.edu.co\/cbuces\/wp-content\/uploads\/2022\/11\/logoNuevoCES.png 1473w\" sizes=\"(max-width: 300px) 100vw, 300px\" \/><\/figure>\n<\/div>\n<\/div>\n\n\n\n<div style=\"height:8px\" aria-hidden=\"true\" class=\"wp-block-spacer\"><\/div>\n<\/div><\/div><\/div>\n","protected":false},"excerpt":{"rendered":"","protected":false},"author":5,"featured_media":3332,"parent":0,"menu_order":0,"comment_status":"closed","ping_status":"closed","template":"","meta":{"_editorskit_title_hidden":true,"_editorskit_reading_time":1,"_editorskit_is_block_options_detached":false,"_editorskit_block_options_position":"{}","footnotes":""},"class_list":["post-90","page","type-page","status-publish","has-post-thumbnail","hentry","entry"],"_links":{"self":[{"href":"https:\/\/sitios.ces.edu.co\/cbuces\/wp-json\/wp\/v2\/pages\/90","targetHints":{"allow":["GET"]}}],"collection":[{"href":"https:\/\/sitios.ces.edu.co\/cbuces\/wp-json\/wp\/v2\/pages"}],"about":[{"href":"https:\/\/sitios.ces.edu.co\/cbuces\/wp-json\/wp\/v2\/types\/page"}],"author":[{"embeddable":true,"href":"https:\/\/sitios.ces.edu.co\/cbuces\/wp-json\/wp\/v2\/users\/5"}],"replies":[{"embeddable":true,"href":"https:\/\/sitios.ces.edu.co\/cbuces\/wp-json\/wp\/v2\/comments?post=90"}],"version-history":[{"count":513,"href":"https:\/\/sitios.ces.edu.co\/cbuces\/wp-json\/wp\/v2\/pages\/90\/revisions"}],"predecessor-version":[{"id":3448,"href":"https:\/\/sitios.ces.edu.co\/cbuces\/wp-json\/wp\/v2\/pages\/90\/revisions\/3448"}],"wp:featuredmedia":[{"embeddable":true,"href":"https:\/\/sitios.ces.edu.co\/cbuces\/wp-json\/wp\/v2\/media\/3332"}],"wp:attachment":[{"href":"https:\/\/sitios.ces.edu.co\/cbuces\/wp-json\/wp\/v2\/media?parent=90"}],"curies":[{"name":"wp","href":"https:\/\/api.w.org\/{rel}","templated":true}]}}