{"id":629,"date":"2022-05-28T20:52:18","date_gmt":"2022-05-29T01:52:18","guid":{"rendered":"https:\/\/sitios.ces.edu.co\/cbuces\/?page_id=629"},"modified":"2024-10-29T16:50:51","modified_gmt":"2024-10-29T21:50:51","slug":"solicitudes","status":"publish","type":"page","link":"https:\/\/sitios.ces.edu.co\/cbuces\/solicitudes\/","title":{"rendered":"Solicitudes"},"content":{"rendered":"<nav class=\"has-text-color has-foreground-color has-background has-background-background-color has-small-font-size is-responsive items-justified-space-between menu-fixed wp-block-navigation is-content-justification-space-between is-layout-flex wp-container-core-navigation-is-layout-3d213aab wp-block-navigation-is-layout-flex\" aria-label=\"topmenu\" \n\t\t data-wp-interactive=\"core\/navigation\" data-wp-context='{\"overlayOpenedBy\":{\"click\":false,\"hover\":false,\"focus\":false},\"type\":\"overlay\",\"roleAttribute\":\"\",\"ariaLabel\":\"Men\\u00fa\"}'><button aria-haspopup=\"dialog\" aria-label=\"Abrir el men\u00fa\" class=\"wp-block-navigation__responsive-container-open\" \n\t\t\t\tdata-wp-on--click=\"actions.openMenuOnClick\"\n\t\t\t\tdata-wp-on--keydown=\"actions.handleMenuKeydown\"\n\t\t\t><svg width=\"24\" height=\"24\" xmlns=\"http:\/\/www.w3.org\/2000\/svg\" viewBox=\"0 0 24 24\" aria-hidden=\"true\" focusable=\"false\"><path d=\"M4 7.5h16v1.5H4z\"><\/path><path d=\"M4 15h16v1.5H4z\"><\/path><\/svg><\/button>\n\t\t\t\t<div class=\"wp-block-navigation__responsive-container\"  id=\"modal-1\" \n\t\t\t\tdata-wp-class--has-modal-open=\"state.isMenuOpen\"\n\t\t\t\tdata-wp-class--is-menu-open=\"state.isMenuOpen\"\n\t\t\t\tdata-wp-watch=\"callbacks.initMenu\"\n\t\t\t\tdata-wp-on--keydown=\"actions.handleMenuKeydown\"\n\t\t\t\tdata-wp-on--focusout=\"actions.handleMenuFocusout\"\n\t\t\t\ttabindex=\"-1\"\n\t\t\t>\n\t\t\t\t\t<div class=\"wp-block-navigation__responsive-close\" tabindex=\"-1\">\n\t\t\t\t\t\t<div class=\"wp-block-navigation__responsive-dialog\" \n\t\t\t\tdata-wp-bind--aria-modal=\"state.ariaModal\"\n\t\t\t\tdata-wp-bind--aria-label=\"state.ariaLabel\"\n\t\t\t\tdata-wp-bind--role=\"state.roleAttribute\"\n\t\t\t>\n\t\t\t\t\t\t\t<button aria-label=\"Cerrar el men\u00fa\" class=\"wp-block-navigation__responsive-container-close\" \n\t\t\t\tdata-wp-on--click=\"actions.closeMenuOnClick\"\n\t\t\t><svg xmlns=\"http:\/\/www.w3.org\/2000\/svg\" viewBox=\"0 0 24 24\" width=\"24\" height=\"24\" aria-hidden=\"true\" focusable=\"false\"><path d=\"m13.06 12 6.47-6.47-1.06-1.06L12 10.94 5.53 4.47 4.47 5.53 10.94 12l-6.47 6.47 1.06 1.06L12 13.06l6.47 6.47 1.06-1.06L13.06 12Z\"><\/path><\/svg><\/button>\n\t\t\t\t\t\t\t<div class=\"wp-block-navigation__responsive-container-content\" \n\t\t\t\tdata-wp-watch=\"callbacks.focusFirstElement\"\n\t\t\t id=\"modal-1-content\">\n\t\t\t\t\t\t\t\t<ul class=\"wp-block-navigation__container has-text-color has-foreground-color has-background has-background-background-color has-small-font-size is-responsive items-justified-space-between menu-fixed wp-block-navigation has-small-font-size\"><li class=\"has-small-font-size wp-block-navigation-item homeicon wp-block-navigation-link\"><a class=\"wp-block-navigation-item__content\"  href=\"https:\/\/sitios.ces.edu.co\/cbuces\/\"><span class=\"wp-block-navigation-item__label\"><img fetchpriority=\"high\" decoding=\"async\" width=\"1290\" height=\"998\" class=\"wp-image-2892\" style=\"width: 100px\" src=\"https:\/\/sitios.ces.edu.co\/cbuces\/wp-content\/uploads\/2022\/11\/Nueva-imagen-CBUCES_final_Mesa-de-trabajo-11.png\" alt=\"\" srcset=\"https:\/\/sitios.ces.edu.co\/cbuces\/wp-content\/uploads\/2022\/11\/Nueva-imagen-CBUCES_final_Mesa-de-trabajo-11.png 1290w, https:\/\/sitios.ces.edu.co\/cbuces\/wp-content\/uploads\/2022\/11\/Nueva-imagen-CBUCES_final_Mesa-de-trabajo-11-300x232.png 300w, https:\/\/sitios.ces.edu.co\/cbuces\/wp-content\/uploads\/2022\/11\/Nueva-imagen-CBUCES_final_Mesa-de-trabajo-11-1024x792.png 1024w, https:\/\/sitios.ces.edu.co\/cbuces\/wp-content\/uploads\/2022\/11\/Nueva-imagen-CBUCES_final_Mesa-de-trabajo-11-768x594.png 768w\" sizes=\"(max-width: 1290px) 100vw, 1290px\" \/><\/span><\/a><\/li><li class=\"has-small-font-size wp-block-navigation-item wp-block-navigation-link\"><a class=\"wp-block-navigation-item__content\"  href=\"https:\/\/sitios.ces.edu.co\/cbuces\/colecciones\/\"><span class=\"wp-block-navigation-item__label\">Colecciones<\/span><\/a><\/li><li class=\"has-small-font-size wp-block-navigation-item wp-block-navigation-link\"><a class=\"wp-block-navigation-item__content\"  href=\"http:\/\/demo-cbucesdata.pythonanywhere.com\/\" target=\"_blank\"  ><span class=\"wp-block-navigation-item__label\">Centro de datos<\/span><\/a><\/li><li class=\"has-small-font-size wp-block-navigation-item wp-block-navigation-link\"><a class=\"wp-block-navigation-item__content\"  href=\"https:\/\/sitios.ces.edu.co\/cbuces\/servicios\/\"><span class=\"wp-block-navigation-item__label\">Servicios<\/span><\/a><\/li><li class=\"has-small-font-size wp-block-navigation-item wp-block-navigation-link\"><a class=\"wp-block-navigation-item__content\"  href=\"https:\/\/sitios.ces.edu.co\/cbuces\/tipos\/\"><span class=\"wp-block-navigation-item__label\">Tipos<\/span><\/a><\/li><li class=\"has-small-font-size wp-block-navigation-item wp-block-navigation-link\"><a class=\"wp-block-navigation-item__content\"  href=\"https:\/\/sitios.ces.edu.co\/cbuces\/proyectos\/\"><span class=\"wp-block-navigation-item__label\">Proyectos<\/span><\/a><\/li><li class=\"has-small-font-size wp-block-navigation-item wp-block-navigation-link\"><a class=\"wp-block-navigation-item__content\"  href=\"https:\/\/sitios.ces.edu.co\/cbuces\/citaciones\/\"><span class=\"wp-block-navigation-item__label\">Citaciones<\/span><\/a><\/li><li class=\"has-small-font-size wp-block-navigation-item wp-block-navigation-link\"><a class=\"wp-block-navigation-item__content\"  href=\"https:\/\/sitios.ces.edu.co\/cbuces\/recursos\/\"><span class=\"wp-block-navigation-item__label\">Recursos<\/span><\/a><\/li><li class=\"has-small-font-size wp-block-navigation-item wp-block-navigation-link\"><a class=\"wp-block-navigation-item__content\"  href=\"https:\/\/sitios.ces.edu.co\/cbuces\/solicitudes\/\"><span class=\"wp-block-navigation-item__label\">Solicitudes<\/span><\/a><\/li><li class=\"has-small-font-size wp-block-navigation-item wp-block-navigation-link\"><a class=\"wp-block-navigation-item__content\"  href=\"http:\/\/www.hojazul.com.co\" target=\"_blank\"  ><span class=\"wp-block-navigation-item__label\">Hojazul<\/span><\/a><\/li><\/ul>\n\t\t\t\t\t\t\t<\/div>\n\t\t\t\t\t\t<\/div>\n\t\t\t\t\t<\/div>\n\t\t\t\t<\/div><\/nav>\n\n\n<div class=\"mcw-fp-wrapper\"><div class=\"mcw-fp-section mcw-fp-section_158cde-d4 fp-auto-height-responsive\" data-bg-img-id=\"3124\" data-anchor=\"section1\"><div class=\"fp-bg\"><\/div><div class=\"mcw-fp-section-inner\">\n<div style=\"height:128px\" aria-hidden=\"true\" class=\"wp-block-spacer\"><\/div>\n\n\n\n<h2 class=\"wp-block-heading has-text-align-center custom-padding add-margin-top shadow-text has-background-color has-text-color\">Solicitudes<\/h2>\n\n\n\n<div style=\"height:32px\" aria-hidden=\"true\" class=\"wp-block-spacer\"><\/div>\n\n\n\n<p class=\"has-text-align-justify has-background-color has-text-color has-normal-font-size\"><p class=\"has-text-align-justify custom-padding shadow-text has-background-color has-text-color has-normal-font-size has-ek-typography\" style=\"--ek-font-family:'Lato', sans-serif;--ek-font-weight:400\"><strong>Las Colecciones Biol\u00f3gicas de la Universidad CES pueden ser visitadas por estudiantes, docentes e investigadores que trabajan en diferentes \u00e1reas relacionadas con el estudio de la biodiversidad del pa\u00eds y la regi\u00f3n Neotropical. Adem\u00e1s, buscan facilitar el intercambio de espec\u00edmenes con instituciones en las que estudiantes, docentes e investigadores, trabajan en pro de mejorar el conocimiento taxon\u00f3mico de los diferentes grupos de organismos. Para visitar las CBUCES o solicitar el pr\u00e9stamo de espec\u00edmenes para instituciones colombianas, descargue los siguientes formatos y p\u00f3ngase en contacto con la coordinadora de colecciones (cbuces@ces.edu.co) y el curador de la subcolecci\u00f3n respectiva, <span style=\"text-decoration: underline;\" class=\"ek-underline\">por lo menos diez (10) d\u00edas antes de la visita<\/span>:<\/strong><\/p><\/p>\n\n\n\n<div style=\"height:32px\" aria-hidden=\"true\" class=\"wp-block-spacer\"><\/div>\n\n\n\n<div class=\"wp-block-file aligncenter shadow-text has-ek-typography\"><a id=\"wp-block-file--media-502b2a78-6866-4f4a-8f68-eecc779dc3e5\" href=\"https:\/\/sitios.ces.edu.co\/cbuces\/wp-content\/uploads\/2022\/05\/02-Solicitud-de-visita-V05.pdf\"><strong><mark style=\"background-color:rgba(0, 0, 0, 0);color:#ffd300\" class=\"has-inline-color\">02-Solicitud-de-visita-V05<\/mark><\/strong><\/a><\/div>\n\n\n\n<div class=\"wp-block-file aligncenter\"><a id=\"wp-block-file--media-5b6b69c0-02b2-4a9c-8e0c-930e0af17422\" href=\"https:\/\/sitios.ces.edu.co\/cbuces\/wp-content\/uploads\/2024\/10\/03-Solicitud-de-prestamo-V09.pdf\"><strong>03 &#8211; Solicitud de pre\u0301stamo V09<\/strong><\/a><\/div>\n\n\n\n<p class=\"has-text-align-justify has-white-color has-text-color has-normal-font-size\"><p class=\"has-text-align-justify custom-padding shadow-text has-white-color has-text-color has-normal-font-size has-ek-typography\" style=\"--ek-font-family:'Lato', sans-serif\"><strong>Si requiere pr\u00e9stamo de espec\u00edmenes para instituciones fuera de Colombia, por favor revise la informaci\u00f3n en la p\u00e1gina de la ANLA y comun\u00edquese con Juliana Cardona-Duque y Lizette I. Quan Young, a trav\u00e9s de los correos:<mark style=\"background-color:rgba(0, 0, 0, 0);color:#e8134d\" class=\"has-inline-color\"> <\/mark><a class=\"ek-link\" href=\"mailto:cbuces@ces.edu.co\"><mark style=\"background-color:rgba(0, 0, 0, 0);color:#ffd300\" class=\"has-inline-color\">cbuces@ces.edu.co<\/mark><\/a><\/strong> <strong>y<\/strong> <strong><mark style=\"background-color:rgba(0, 0, 0, 0);color:#ffd300\" class=\"has-inline-color\"><a class=\"ek-link\" href=\"mailto:permisosambientalesuces@ces.edu.co\">permisosambientalesuces@ces.edu.co<\/a><\/mark><\/strong>.<\/p><\/p>\n\n\n\n<div style=\"height:100px\" aria-hidden=\"true\" class=\"wp-block-spacer\"><\/div>\n<\/div><\/div>\n\n<div class=\"mcw-fp-section mcw-fp-section_58a57b-32 fp-auto-height\" data-anchor=\"section2\"><div class=\"mcw-fp-section-inner\">\n<div style=\"height:32px\" aria-hidden=\"true\" class=\"wp-block-spacer\"><\/div>\n\n\n\n<div class=\"wp-block-columns is-layout-flex wp-container-core-columns-is-layout-9d6595d7 wp-block-columns-is-layout-flex\">\n<div class=\"wp-block-column is-layout-flow wp-block-column-is-layout-flow\">\n<p class=\"has-text-align-center has-text-color has-small-font-size\" style=\"color:#1a2a4a\"><p class=\"has-text-align-center has-text-color has-small-font-size has-ek-typography\" style=\"color:#1a2a4a;--ek-font-family:'Lato', sans-serif\"><strong>Universidad CES<\/strong><br>Calle 10 A No. 22 &#8211; 04, Medell\u00edn, Colombia<br><a href=\"https:\/\/www.ces.edu.co\/terminos-y-condiciones\/\" class=\"ek-link\">Pol\u00edtica de Tratamiento de Datos Personales<\/a><\/p><\/p>\n<\/div>\n\n\n\n<div class=\"wp-block-column is-layout-flow wp-block-column-is-layout-flow\">\n<p class=\"has-text-align-center has-text-color has-small-font-size\" style=\"color:#1a2a4a\"><p class=\"has-text-align-center has-text-color has-small-font-size has-ek-typography\" style=\"color:#1a2a4a;--ek-font-family:'Lato', sans-serif\"><strong>Contacto<\/strong><br>Universidad CES,<strong><br><\/strong>Laboratorio de Colecciones Biol\u00f3gicas<br>E-mail: cbuces@ces.edu.co Tel: (604) 444 05 55 ext. 1243<\/p><\/p>\n<\/div>\n\n\n\n<div class=\"wp-block-column is-layout-flow wp-block-column-is-layout-flow\">\n<figure class=\"wp-block-image size-medium\"><img decoding=\"async\" width=\"300\" height=\"99\" src=\"https:\/\/sitios.ces.edu.co\/cbuces\/wp-content\/uploads\/2022\/11\/logoNuevoCES-300x99.png\" alt=\"\" class=\"wp-image-2473\" srcset=\"https:\/\/sitios.ces.edu.co\/cbuces\/wp-content\/uploads\/2022\/11\/logoNuevoCES-300x99.png 300w, https:\/\/sitios.ces.edu.co\/cbuces\/wp-content\/uploads\/2022\/11\/logoNuevoCES-1024x336.png 1024w, https:\/\/sitios.ces.edu.co\/cbuces\/wp-content\/uploads\/2022\/11\/logoNuevoCES-768x252.png 768w, https:\/\/sitios.ces.edu.co\/cbuces\/wp-content\/uploads\/2022\/11\/logoNuevoCES.png 1473w\" sizes=\"(max-width: 300px) 100vw, 300px\" \/><\/figure>\n<\/div>\n<\/div>\n\n\n\n<div style=\"height:64px\" aria-hidden=\"true\" class=\"wp-block-spacer\"><\/div>\n<\/div><\/div><\/div>\n\n\n\n<p><\/p>\n","protected":false},"excerpt":{"rendered":"","protected":false},"author":6,"featured_media":0,"parent":0,"menu_order":0,"comment_status":"closed","ping_status":"closed","template":"","meta":{"_editorskit_title_hidden":false,"_editorskit_reading_time":1,"_editorskit_is_block_options_detached":false,"_editorskit_block_options_position":"{}","footnotes":""},"class_list":["post-629","page","type-page","status-publish","hentry","entry"],"_links":{"self":[{"href":"https:\/\/sitios.ces.edu.co\/cbuces\/wp-json\/wp\/v2\/pages\/629","targetHints":{"allow":["GET"]}}],"collection":[{"href":"https:\/\/sitios.ces.edu.co\/cbuces\/wp-json\/wp\/v2\/pages"}],"about":[{"href":"https:\/\/sitios.ces.edu.co\/cbuces\/wp-json\/wp\/v2\/types\/page"}],"author":[{"embeddable":true,"href":"https:\/\/sitios.ces.edu.co\/cbuces\/wp-json\/wp\/v2\/users\/6"}],"replies":[{"embeddable":true,"href":"https:\/\/sitios.ces.edu.co\/cbuces\/wp-json\/wp\/v2\/comments?post=629"}],"version-history":[{"count":97,"href":"https:\/\/sitios.ces.edu.co\/cbuces\/wp-json\/wp\/v2\/pages\/629\/revisions"}],"predecessor-version":[{"id":3459,"href":"https:\/\/sitios.ces.edu.co\/cbuces\/wp-json\/wp\/v2\/pages\/629\/revisions\/3459"}],"wp:attachment":[{"href":"https:\/\/sitios.ces.edu.co\/cbuces\/wp-json\/wp\/v2\/media?parent=629"}],"curies":[{"name":"wp","href":"https:\/\/api.w.org\/{rel}","templated":true}]}}