{"id":73,"date":"2018-08-08T19:28:43","date_gmt":"2018-08-08T19:28:43","guid":{"rendered":"http:\/\/localhost:8888\/wordpressPlant\/?page_id=73"},"modified":"2024-10-16T09:03:02","modified_gmt":"2024-10-16T14:03:02","slug":"agendaacademica","status":"publish","type":"page","link":"https:\/\/sitios.ces.edu.co\/boletinenlaces\/agendaacademica\/","title":{"rendered":"#AgendaAcad\u00e9mica"},"content":{"rendered":"\t\t<div data-elementor-type=\"wp-post\" data-elementor-id=\"73\" class=\"elementor elementor-73\">\n\t\t\t\t\t\t<section class=\"elementor-section elementor-top-section elementor-element elementor-element-1411ef1 elementor-section-boxed elementor-section-height-default elementor-section-height-default\" data-id=\"1411ef1\" data-element_type=\"section\" data-e-type=\"section\">\n\t\t\t\t\t\t<div class=\"elementor-container elementor-column-gap-default\">\n\t\t\t\t\t<div class=\"elementor-column elementor-col-100 elementor-top-column elementor-element elementor-element-c173ef4\" data-id=\"c173ef4\" data-element_type=\"column\" data-e-type=\"column\">\n\t\t\t<div class=\"elementor-widget-wrap elementor-element-populated\">\n\t\t\t\t\t\t<div class=\"elementor-element elementor-element-ef195f8 elementor-widget elementor-widget-text-editor\" data-id=\"ef195f8\" data-element_type=\"widget\" data-e-type=\"widget\" data-widget_type=\"text-editor.default\">\n\t\t\t\t<div class=\"elementor-widget-container\">\n\t\t\t\t\t\t\t\t\t<p><span style=\"color: #000000;\">\u00bfTe gustar\u00eda estudiar en nuestra Universidad? En esta secci\u00f3n encontrar\u00e1s los \u00faltimos espacios ofertados de la Universidad CES enfocados en tem\u00e1ticas de los distintos programas educativos que se presentan en la instituci\u00f3n en los campos de docencia, investigaci\u00f3n y extensi\u00f3n. En ese sentido, se alojar\u00e1n cursos, diplomados, congresos, simposios, encuentros, talleres, conversatorios y diversos programas, para que te animes a aprender con nosotros.\u00a0<\/span><\/p>\t\t\t\t\t\t\t\t<\/div>\n\t\t\t\t<\/div>\n\t\t\t\t\t<\/div>\n\t\t<\/div>\n\t\t\t\t\t<\/div>\n\t\t<\/section>\n\t\t\t\t<section class=\"elementor-section elementor-top-section elementor-element elementor-element-825569b elementor-section-boxed elementor-section-height-default elementor-section-height-default\" data-id=\"825569b\" data-element_type=\"section\" data-e-type=\"section\" data-settings=\"{&quot;background_background&quot;:&quot;classic&quot;}\">\n\t\t\t\t\t\t<div class=\"elementor-container elementor-column-gap-default\">\n\t\t\t\t\t<div class=\"elementor-column elementor-col-50 elementor-top-column elementor-element elementor-element-6e61f00\" data-id=\"6e61f00\" data-element_type=\"column\" data-e-type=\"column\">\n\t\t\t<div class=\"elementor-widget-wrap elementor-element-populated\">\n\t\t\t\t\t\t<div class=\"elementor-element elementor-element-f32872b elementor-widget elementor-widget-image\" data-id=\"f32872b\" data-element_type=\"widget\" data-e-type=\"widget\" data-widget_type=\"image.default\">\n\t\t\t\t<div class=\"elementor-widget-container\">\n\t\t\t\t\t\t\t\t\t\t\t\t\t\t\t\t<a href=\"https:\/\/sitios.ces.edu.co\/boletinenlaces\/wp-content\/uploads\/2024\/10\/WhatsApp-Image-2024-09-27-at-1.52.50-PM-1.jpeg\">\n\t\t\t\t\t\t\t<img fetchpriority=\"high\" decoding=\"async\" width=\"1024\" height=\"1024\" src=\"https:\/\/sitios.ces.edu.co\/boletinenlaces\/wp-content\/uploads\/2024\/10\/WhatsApp-Image-2024-09-27-at-1.52.50-PM-3-1024x1024.jpeg\" class=\"attachment-large size-large wp-image-32712\" alt=\"\" srcset=\"https:\/\/sitios.ces.edu.co\/boletinenlaces\/wp-content\/uploads\/2024\/10\/WhatsApp-Image-2024-09-27-at-1.52.50-PM-3-1024x1024.jpeg 1024w, https:\/\/sitios.ces.edu.co\/boletinenlaces\/wp-content\/uploads\/2024\/10\/WhatsApp-Image-2024-09-27-at-1.52.50-PM-3-300x300.jpeg 300w, https:\/\/sitios.ces.edu.co\/boletinenlaces\/wp-content\/uploads\/2024\/10\/WhatsApp-Image-2024-09-27-at-1.52.50-PM-3-150x150.jpeg 150w, https:\/\/sitios.ces.edu.co\/boletinenlaces\/wp-content\/uploads\/2024\/10\/WhatsApp-Image-2024-09-27-at-1.52.50-PM-3-768x768.jpeg 768w, https:\/\/sitios.ces.edu.co\/boletinenlaces\/wp-content\/uploads\/2024\/10\/WhatsApp-Image-2024-09-27-at-1.52.50-PM-3-1536x1536.jpeg 1536w, https:\/\/sitios.ces.edu.co\/boletinenlaces\/wp-content\/uploads\/2024\/10\/WhatsApp-Image-2024-09-27-at-1.52.50-PM-3-1080x1080.jpeg 1080w, https:\/\/sitios.ces.edu.co\/boletinenlaces\/wp-content\/uploads\/2024\/10\/WhatsApp-Image-2024-09-27-at-1.52.50-PM-3.jpeg 1600w\" sizes=\"(max-width: 1024px) 100vw, 1024px\" \/>\t\t\t\t\t\t\t\t<\/a>\n\t\t\t\t\t\t\t\t\t\t\t\t\t\t\t<\/div>\n\t\t\t\t<\/div>\n\t\t\t\t<div class=\"elementor-element elementor-element-f298335 elementor-align-center elementor-widget elementor-widget-button\" data-id=\"f298335\" data-element_type=\"widget\" data-e-type=\"widget\" data-widget_type=\"button.default\">\n\t\t\t\t<div class=\"elementor-widget-container\">\n\t\t\t\t\t\t\t\t\t<div class=\"elementor-button-wrapper\">\n\t\t\t\t\t<a class=\"elementor-button elementor-button-link elementor-size-sm\" href=\"https:\/\/www.ces.edu.co\/educacion-continua\/curso\/nuevas-estrategias-nutricionales-para-el-tratamiento-de-la-anorexia-bulimia-y-otros-trastornos-de-la-conducta-alimentaria-tca\/\">\n\t\t\t\t\t\t<span class=\"elementor-button-content-wrapper\">\n\t\t\t\t\t\t\t\t\t<span class=\"elementor-button-text\">Inscr\u00edbete aqu\u00ed<\/span>\n\t\t\t\t\t<\/span>\n\t\t\t\t\t<\/a>\n\t\t\t\t<\/div>\n\t\t\t\t\t\t\t\t<\/div>\n\t\t\t\t<\/div>\n\t\t\t\t\t<\/div>\n\t\t<\/div>\n\t\t\t\t<div class=\"elementor-column elementor-col-50 elementor-top-column elementor-element elementor-element-e332324\" data-id=\"e332324\" data-element_type=\"column\" data-e-type=\"column\">\n\t\t\t<div class=\"elementor-widget-wrap elementor-element-populated\">\n\t\t\t\t\t\t<div class=\"elementor-element elementor-element-3ea7029 elementor-widget elementor-widget-image\" data-id=\"3ea7029\" data-element_type=\"widget\" data-e-type=\"widget\" data-widget_type=\"image.default\">\n\t\t\t\t<div class=\"elementor-widget-container\">\n\t\t\t\t\t\t\t\t\t\t\t\t\t\t\t\t<a href=\"https:\/\/www.ces.edu.co\/educacion-continua\/curso\/bases-de-entrenamiento-en-deportes-de-resistencia-nivel-2\/\">\n\t\t\t\t\t\t\t<img decoding=\"async\" width=\"1024\" height=\"1024\" src=\"https:\/\/sitios.ces.edu.co\/boletinenlaces\/wp-content\/uploads\/2024\/09\/THRESHOLD_NIVEL2_Post1-1024x1024.jpg\" class=\"attachment-large size-large wp-image-32646\" alt=\"\" srcset=\"https:\/\/sitios.ces.edu.co\/boletinenlaces\/wp-content\/uploads\/2024\/09\/THRESHOLD_NIVEL2_Post1-1024x1024.jpg 1024w, https:\/\/sitios.ces.edu.co\/boletinenlaces\/wp-content\/uploads\/2024\/09\/THRESHOLD_NIVEL2_Post1-300x300.jpg 300w, https:\/\/sitios.ces.edu.co\/boletinenlaces\/wp-content\/uploads\/2024\/09\/THRESHOLD_NIVEL2_Post1-150x150.jpg 150w, https:\/\/sitios.ces.edu.co\/boletinenlaces\/wp-content\/uploads\/2024\/09\/THRESHOLD_NIVEL2_Post1-768x768.jpg 768w, https:\/\/sitios.ces.edu.co\/boletinenlaces\/wp-content\/uploads\/2024\/09\/THRESHOLD_NIVEL2_Post1-1536x1536.jpg 1536w, https:\/\/sitios.ces.edu.co\/boletinenlaces\/wp-content\/uploads\/2024\/09\/THRESHOLD_NIVEL2_Post1-2048x2048.jpg 2048w, https:\/\/sitios.ces.edu.co\/boletinenlaces\/wp-content\/uploads\/2024\/09\/THRESHOLD_NIVEL2_Post1-1080x1080.jpg 1080w\" sizes=\"(max-width: 1024px) 100vw, 1024px\" \/>\t\t\t\t\t\t\t\t<\/a>\n\t\t\t\t\t\t\t\t\t\t\t\t\t\t\t<\/div>\n\t\t\t\t<\/div>\n\t\t\t\t<div class=\"elementor-element elementor-element-efcbd4b elementor-align-center elementor-widget elementor-widget-button\" data-id=\"efcbd4b\" data-element_type=\"widget\" data-e-type=\"widget\" data-widget_type=\"button.default\">\n\t\t\t\t<div class=\"elementor-widget-container\">\n\t\t\t\t\t\t\t\t\t<div class=\"elementor-button-wrapper\">\n\t\t\t\t\t<a class=\"elementor-button elementor-button-link elementor-size-sm\" href=\"https:\/\/www.ces.edu.co\/educacion-continua\/curso\/bases-de-entrenamiento-en-deportes-de-resistencia-nivel-2\/\">\n\t\t\t\t\t\t<span class=\"elementor-button-content-wrapper\">\n\t\t\t\t\t\t\t\t\t<span class=\"elementor-button-text\">Inscr\u00edbete aqu\u00ed<\/span>\n\t\t\t\t\t<\/span>\n\t\t\t\t\t<\/a>\n\t\t\t\t<\/div>\n\t\t\t\t\t\t\t\t<\/div>\n\t\t\t\t<\/div>\n\t\t\t\t\t<\/div>\n\t\t<\/div>\n\t\t\t\t\t<\/div>\n\t\t<\/section>\n\t\t\t\t<section class=\"elementor-section elementor-top-section elementor-element elementor-element-18adef0 elementor-section-boxed elementor-section-height-default elementor-section-height-default\" data-id=\"18adef0\" data-element_type=\"section\" data-e-type=\"section\" data-settings=\"{&quot;background_background&quot;:&quot;classic&quot;}\">\n\t\t\t\t\t\t<div class=\"elementor-container elementor-column-gap-default\">\n\t\t\t\t\t<div class=\"elementor-column elementor-col-50 elementor-top-column elementor-element elementor-element-36def32\" data-id=\"36def32\" data-element_type=\"column\" data-e-type=\"column\">\n\t\t\t<div class=\"elementor-widget-wrap elementor-element-populated\">\n\t\t\t\t\t\t<div class=\"elementor-element elementor-element-9795157 elementor-widget elementor-widget-image\" data-id=\"9795157\" data-element_type=\"widget\" data-e-type=\"widget\" data-widget_type=\"image.default\">\n\t\t\t\t<div class=\"elementor-widget-container\">\n\t\t\t\t\t\t\t\t\t\t\t\t\t\t\t\t<a href=\"https:\/\/www.ces.edu.co\/educacion-continua\/curso\/pork-school-2\/#fecha-y-lugar\">\n\t\t\t\t\t\t\t<img decoding=\"async\" width=\"1024\" height=\"1024\" src=\"https:\/\/sitios.ces.edu.co\/boletinenlaces\/wp-content\/uploads\/2024\/09\/pork-school-20-1024x1024.jpg\" class=\"attachment-large size-large wp-image-32645\" alt=\"\" srcset=\"https:\/\/sitios.ces.edu.co\/boletinenlaces\/wp-content\/uploads\/2024\/09\/pork-school-20-1024x1024.jpg 1024w, https:\/\/sitios.ces.edu.co\/boletinenlaces\/wp-content\/uploads\/2024\/09\/pork-school-20-300x300.jpg 300w, https:\/\/sitios.ces.edu.co\/boletinenlaces\/wp-content\/uploads\/2024\/09\/pork-school-20-150x150.jpg 150w, https:\/\/sitios.ces.edu.co\/boletinenlaces\/wp-content\/uploads\/2024\/09\/pork-school-20-768x768.jpg 768w, https:\/\/sitios.ces.edu.co\/boletinenlaces\/wp-content\/uploads\/2024\/09\/pork-school-20.jpg 1080w\" sizes=\"(max-width: 1024px) 100vw, 1024px\" \/>\t\t\t\t\t\t\t\t<\/a>\n\t\t\t\t\t\t\t\t\t\t\t\t\t\t\t<\/div>\n\t\t\t\t<\/div>\n\t\t\t\t<div class=\"elementor-element elementor-element-f7c398a elementor-align-center elementor-widget elementor-widget-button\" data-id=\"f7c398a\" data-element_type=\"widget\" data-e-type=\"widget\" data-widget_type=\"button.default\">\n\t\t\t\t<div class=\"elementor-widget-container\">\n\t\t\t\t\t\t\t\t\t<div class=\"elementor-button-wrapper\">\n\t\t\t\t\t<a class=\"elementor-button elementor-button-link elementor-size-sm\" href=\"https:\/\/www.ces.edu.co\/educacion-continua\/curso\/pork-school-2\/#fecha-y-lugar\">\n\t\t\t\t\t\t<span class=\"elementor-button-content-wrapper\">\n\t\t\t\t\t\t\t\t\t<span class=\"elementor-button-text\">Inscr\u00edbete aqu\u00ed<\/span>\n\t\t\t\t\t<\/span>\n\t\t\t\t\t<\/a>\n\t\t\t\t<\/div>\n\t\t\t\t\t\t\t\t<\/div>\n\t\t\t\t<\/div>\n\t\t\t\t\t<\/div>\n\t\t<\/div>\n\t\t\t\t<div class=\"elementor-column elementor-col-50 elementor-top-column elementor-element elementor-element-0f708cd\" data-id=\"0f708cd\" data-element_type=\"column\" data-e-type=\"column\">\n\t\t\t<div class=\"elementor-widget-wrap elementor-element-populated\">\n\t\t\t\t\t\t<div class=\"elementor-element elementor-element-b452ac9 elementor-widget elementor-widget-image\" data-id=\"b452ac9\" data-element_type=\"widget\" data-e-type=\"widget\" data-widget_type=\"image.default\">\n\t\t\t\t<div class=\"elementor-widget-container\">\n\t\t\t\t\t\t\t\t\t\t\t\t\t\t\t\t<a href=\"https:\/\/www.ces.edu.co\/educacion-continua\/congreso\/xii-congreso-de-urgencias\/#fecha-y-lugar\">\n\t\t\t\t\t\t\t<img loading=\"lazy\" decoding=\"async\" width=\"1024\" height=\"1024\" src=\"https:\/\/sitios.ces.edu.co\/boletinenlaces\/wp-content\/uploads\/2024\/09\/Cursos_actualizaciones-a-un-click_editable-1024x1024.png\" class=\"attachment-large size-large wp-image-32644\" alt=\"\" srcset=\"https:\/\/sitios.ces.edu.co\/boletinenlaces\/wp-content\/uploads\/2024\/09\/Cursos_actualizaciones-a-un-click_editable-1024x1024.png 1024w, https:\/\/sitios.ces.edu.co\/boletinenlaces\/wp-content\/uploads\/2024\/09\/Cursos_actualizaciones-a-un-click_editable-300x300.png 300w, https:\/\/sitios.ces.edu.co\/boletinenlaces\/wp-content\/uploads\/2024\/09\/Cursos_actualizaciones-a-un-click_editable-150x150.png 150w, https:\/\/sitios.ces.edu.co\/boletinenlaces\/wp-content\/uploads\/2024\/09\/Cursos_actualizaciones-a-un-click_editable-768x768.png 768w, https:\/\/sitios.ces.edu.co\/boletinenlaces\/wp-content\/uploads\/2024\/09\/Cursos_actualizaciones-a-un-click_editable.png 1080w\" sizes=\"(max-width: 1024px) 100vw, 1024px\" \/>\t\t\t\t\t\t\t\t<\/a>\n\t\t\t\t\t\t\t\t\t\t\t\t\t\t\t<\/div>\n\t\t\t\t<\/div>\n\t\t\t\t<div class=\"elementor-element elementor-element-28bfe32 elementor-align-center elementor-widget elementor-widget-button\" data-id=\"28bfe32\" data-element_type=\"widget\" data-e-type=\"widget\" data-widget_type=\"button.default\">\n\t\t\t\t<div class=\"elementor-widget-container\">\n\t\t\t\t\t\t\t\t\t<div class=\"elementor-button-wrapper\">\n\t\t\t\t\t<a class=\"elementor-button elementor-button-link elementor-size-sm\" href=\"https:\/\/www.ces.edu.co\/educacion-continua\/congreso\/xii-congreso-de-urgencias\/#fecha-y-lugar\">\n\t\t\t\t\t\t<span class=\"elementor-button-content-wrapper\">\n\t\t\t\t\t\t\t\t\t<span class=\"elementor-button-text\">Inscr\u00edbete aqu\u00ed<\/span>\n\t\t\t\t\t<\/span>\n\t\t\t\t\t<\/a>\n\t\t\t\t<\/div>\n\t\t\t\t\t\t\t\t<\/div>\n\t\t\t\t<\/div>\n\t\t\t\t\t<\/div>\n\t\t<\/div>\n\t\t\t\t\t<\/div>\n\t\t<\/section>\n\t\t\t\t<section class=\"elementor-section elementor-top-section elementor-element elementor-element-e864786 elementor-section-boxed elementor-section-height-default elementor-section-height-default\" data-id=\"e864786\" data-element_type=\"section\" data-e-type=\"section\" data-settings=\"{&quot;background_background&quot;:&quot;classic&quot;}\">\n\t\t\t\t\t\t<div class=\"elementor-container elementor-column-gap-default\">\n\t\t\t\t\t<div class=\"elementor-column elementor-col-50 elementor-top-column elementor-element elementor-element-06d0756\" data-id=\"06d0756\" data-element_type=\"column\" data-e-type=\"column\">\n\t\t\t<div class=\"elementor-widget-wrap elementor-element-populated\">\n\t\t\t\t\t\t<div class=\"elementor-element elementor-element-338171b elementor-widget elementor-widget-image\" data-id=\"338171b\" data-element_type=\"widget\" data-e-type=\"widget\" data-widget_type=\"image.default\">\n\t\t\t\t<div class=\"elementor-widget-container\">\n\t\t\t\t\t\t\t\t\t\t\t\t\t\t\t\t<a href=\"https:\/\/www.ces.edu.co\/educacion-continua\/curso\/bootcamp-estetica-dental\/#fecha-y-lugar\">\n\t\t\t\t\t\t\t<img loading=\"lazy\" decoding=\"async\" width=\"1024\" height=\"1024\" src=\"https:\/\/sitios.ces.edu.co\/boletinenlaces\/wp-content\/uploads\/2024\/09\/thumbnail_Bootcamp_Estetica_dental2_Post_1-1024x1024.jpeg\" class=\"attachment-large size-large wp-image-32647\" alt=\"\" srcset=\"https:\/\/sitios.ces.edu.co\/boletinenlaces\/wp-content\/uploads\/2024\/09\/thumbnail_Bootcamp_Estetica_dental2_Post_1-1024x1024.jpeg 1024w, https:\/\/sitios.ces.edu.co\/boletinenlaces\/wp-content\/uploads\/2024\/09\/thumbnail_Bootcamp_Estetica_dental2_Post_1-300x300.jpeg 300w, https:\/\/sitios.ces.edu.co\/boletinenlaces\/wp-content\/uploads\/2024\/09\/thumbnail_Bootcamp_Estetica_dental2_Post_1-150x150.jpeg 150w, https:\/\/sitios.ces.edu.co\/boletinenlaces\/wp-content\/uploads\/2024\/09\/thumbnail_Bootcamp_Estetica_dental2_Post_1-768x768.jpeg 768w, https:\/\/sitios.ces.edu.co\/boletinenlaces\/wp-content\/uploads\/2024\/09\/thumbnail_Bootcamp_Estetica_dental2_Post_1-1536x1536.jpeg 1536w, https:\/\/sitios.ces.edu.co\/boletinenlaces\/wp-content\/uploads\/2024\/09\/thumbnail_Bootcamp_Estetica_dental2_Post_1-1080x1080.jpeg 1080w, https:\/\/sitios.ces.edu.co\/boletinenlaces\/wp-content\/uploads\/2024\/09\/thumbnail_Bootcamp_Estetica_dental2_Post_1.jpeg 1920w\" sizes=\"(max-width: 1024px) 100vw, 1024px\" \/>\t\t\t\t\t\t\t\t<\/a>\n\t\t\t\t\t\t\t\t\t\t\t\t\t\t\t<\/div>\n\t\t\t\t<\/div>\n\t\t\t\t<div class=\"elementor-element elementor-element-e5a227f elementor-align-center elementor-widget elementor-widget-button\" data-id=\"e5a227f\" data-element_type=\"widget\" data-e-type=\"widget\" data-widget_type=\"button.default\">\n\t\t\t\t<div class=\"elementor-widget-container\">\n\t\t\t\t\t\t\t\t\t<div class=\"elementor-button-wrapper\">\n\t\t\t\t\t<a class=\"elementor-button elementor-button-link elementor-size-sm\" href=\"https:\/\/www.ces.edu.co\/educacion-continua\/curso\/bootcamp-estetica-dental\/#fecha-y-lugar\">\n\t\t\t\t\t\t<span class=\"elementor-button-content-wrapper\">\n\t\t\t\t\t\t\t\t\t<span class=\"elementor-button-text\">Inscr\u00edbete aqu\u00ed<\/span>\n\t\t\t\t\t<\/span>\n\t\t\t\t\t<\/a>\n\t\t\t\t<\/div>\n\t\t\t\t\t\t\t\t<\/div>\n\t\t\t\t<\/div>\n\t\t\t\t\t<\/div>\n\t\t<\/div>\n\t\t\t\t<div class=\"elementor-column elementor-col-50 elementor-top-column elementor-element elementor-element-0947615\" data-id=\"0947615\" data-element_type=\"column\" data-e-type=\"column\">\n\t\t\t<div class=\"elementor-widget-wrap elementor-element-populated\">\n\t\t\t\t\t\t<div class=\"elementor-element elementor-element-aff4c79 elementor-widget elementor-widget-image\" data-id=\"aff4c79\" data-element_type=\"widget\" data-e-type=\"widget\" data-widget_type=\"image.default\">\n\t\t\t\t<div class=\"elementor-widget-container\">\n\t\t\t\t\t\t\t\t\t\t\t\t\t\t\t\t<a href=\"https:\/\/forms.office.com\/Pages\/ResponsePage.aspx?id=xz4N6p_PVUWT_TfydXyPGgwEV5sAonZFqYdhvXEK7xlUMThHUUM5U1c2WFVFN1BFQ0c3NlZUUVJBUC4u\">\n\t\t\t\t\t\t\t<img loading=\"lazy\" decoding=\"async\" width=\"1024\" height=\"1024\" src=\"https:\/\/sitios.ces.edu.co\/boletinenlaces\/wp-content\/uploads\/2024\/09\/click-1024x1024.jpg\" class=\"attachment-large size-large wp-image-32643\" alt=\"\" srcset=\"https:\/\/sitios.ces.edu.co\/boletinenlaces\/wp-content\/uploads\/2024\/09\/click-1024x1024.jpg 1024w, https:\/\/sitios.ces.edu.co\/boletinenlaces\/wp-content\/uploads\/2024\/09\/click-300x300.jpg 300w, https:\/\/sitios.ces.edu.co\/boletinenlaces\/wp-content\/uploads\/2024\/09\/click-150x150.jpg 150w, https:\/\/sitios.ces.edu.co\/boletinenlaces\/wp-content\/uploads\/2024\/09\/click-768x768.jpg 768w, https:\/\/sitios.ces.edu.co\/boletinenlaces\/wp-content\/uploads\/2024\/09\/click.jpg 1080w\" sizes=\"(max-width: 1024px) 100vw, 1024px\" \/>\t\t\t\t\t\t\t\t<\/a>\n\t\t\t\t\t\t\t\t\t\t\t\t\t\t\t<\/div>\n\t\t\t\t<\/div>\n\t\t\t\t<div class=\"elementor-element elementor-element-f269401 elementor-align-center elementor-widget elementor-widget-button\" data-id=\"f269401\" data-element_type=\"widget\" data-e-type=\"widget\" data-widget_type=\"button.default\">\n\t\t\t\t<div class=\"elementor-widget-container\">\n\t\t\t\t\t\t\t\t\t<div class=\"elementor-button-wrapper\">\n\t\t\t\t\t<a class=\"elementor-button elementor-button-link elementor-size-sm\" href=\"https:\/\/forms.office.com\/Pages\/ResponsePage.aspx?id=xz4N6p_PVUWT_TfydXyPGgwEV5sAonZFqYdhvXEK7xlUMThHUUM5U1c2WFVFN1BFQ0c3NlZUUVJBUC4u\">\n\t\t\t\t\t\t<span class=\"elementor-button-content-wrapper\">\n\t\t\t\t\t\t\t\t\t<span class=\"elementor-button-text\">Inscr\u00edbete aqu\u00ed<\/span>\n\t\t\t\t\t<\/span>\n\t\t\t\t\t<\/a>\n\t\t\t\t<\/div>\n\t\t\t\t\t\t\t\t<\/div>\n\t\t\t\t<\/div>\n\t\t\t\t\t<\/div>\n\t\t<\/div>\n\t\t\t\t\t<\/div>\n\t\t<\/section>\n\t\t\t\t<section class=\"elementor-section elementor-top-section elementor-element elementor-element-36883aa elementor-section-boxed elementor-section-height-default elementor-section-height-default\" data-id=\"36883aa\" data-element_type=\"section\" data-e-type=\"section\">\n\t\t\t\t\t\t<div class=\"elementor-container elementor-column-gap-default\">\n\t\t\t\t\t\t<\/div>\n\t\t<\/section>\n\t\t\t\t<section class=\"elementor-section elementor-top-section elementor-element elementor-element-2dca7072 elementor-section-boxed elementor-section-height-default elementor-section-height-default\" data-id=\"2dca7072\" data-element_type=\"section\" data-e-type=\"section\">\n\t\t\t\t\t\t<div class=\"elementor-container elementor-column-gap-default\">\n\t\t\t\t\t\t<\/div>\n\t\t<\/section>\n\t\t\t\t<\/div>\n\t\t","protected":false},"excerpt":{"rendered":"<p>\u00bfTe gustar\u00eda estudiar en nuestra Universidad? En esta secci\u00f3n encontrar\u00e1s los \u00faltimos espacios ofertados de la Universidad CES enfocados en tem\u00e1ticas de los distintos programas educativos que se presentan en la instituci\u00f3n en los campos de docencia, investigaci\u00f3n y extensi\u00f3n. En ese sentido, se alojar\u00e1n cursos, diplomados, congresos, simposios, encuentros, talleres, conversatorios y diversos programas,&hellip; <br \/> <a class=\"read-more\" href=\"https:\/\/sitios.ces.edu.co\/boletinenlaces\/agendaacademica\/\">Leer m\u00e1s<\/a><\/p>\n","protected":false},"author":1,"featured_media":0,"parent":0,"menu_order":0,"comment_status":"closed","ping_status":"closed","template":"elementor_header_footer","meta":{"om_disable_all_campaigns":false,"_uf_show_specific_survey":0,"_uf_disable_surveys":false,"footnotes":""},"class_list":["post-73","page","type-page","status-publish","hentry"],"aioseo_notices":[],"_links":{"self":[{"href":"https:\/\/sitios.ces.edu.co\/boletinenlaces\/wp-json\/wp\/v2\/pages\/73","targetHints":{"allow":["GET"]}}],"collection":[{"href":"https:\/\/sitios.ces.edu.co\/boletinenlaces\/wp-json\/wp\/v2\/pages"}],"about":[{"href":"https:\/\/sitios.ces.edu.co\/boletinenlaces\/wp-json\/wp\/v2\/types\/page"}],"author":[{"embeddable":true,"href":"https:\/\/sitios.ces.edu.co\/boletinenlaces\/wp-json\/wp\/v2\/users\/1"}],"replies":[{"embeddable":true,"href":"https:\/\/sitios.ces.edu.co\/boletinenlaces\/wp-json\/wp\/v2\/comments?post=73"}],"version-history":[{"count":579,"href":"https:\/\/sitios.ces.edu.co\/boletinenlaces\/wp-json\/wp\/v2\/pages\/73\/revisions"}],"predecessor-version":[{"id":32724,"href":"https:\/\/sitios.ces.edu.co\/boletinenlaces\/wp-json\/wp\/v2\/pages\/73\/revisions\/32724"}],"wp:attachment":[{"href":"https:\/\/sitios.ces.edu.co\/boletinenlaces\/wp-json\/wp\/v2\/media?parent=73"}],"curies":[{"name":"wp","href":"https:\/\/api.w.org\/{rel}","templated":true}]}}